{"id":65,"date":"2017-11-10T14:08:51","date_gmt":"2017-11-10T14:08:51","guid":{"rendered":"http:\/\/tag_link_site_url\/mesmerize\/"},"modified":"2025-05-28T16:17:18","modified_gmt":"2025-05-28T16:17:18","slug":"mesmerize","status":"publish","type":"page","link":"https:\/\/lacresbondi.com.br\/","title":{"rendered":"Front Page"},"content":{"rendered":"<div  id=\"a-empresa\" style=\"background-color: #f5fafd;\" data-label=\"A empresa\" data-id=\"about-1\" data-export-id=\"about-1\" data-category=\"about\" class=\"about-1 content-section content-section-spacing\">\n<div  class=\"gridContainer\">\n<div  class=\"row text-center\">\n<div  class=\"section-title-col\" data-type=\"column\">\n<h5  class=\"\">SOBRE N\u00d3S<\/h5>\n<h2  class=\"\">Lacres pl\u00e1sticos e met\u00e1licos&nbsp;<span  href=\"#\" style=\"font-weight: bold; font-family: Playfair Display, sans-serif; font-style: italic;\">com ilimitadas possibilidades<\/span>&nbsp;e costumiza\u00e7\u00f5es variadas<\/h2>\n<p  class=\"lead\">O seu neg\u00f3cio merece a experi\u00eancia de <b ><i >mais de 20 anos <\/i><\/b>no mercado. Ind\u00fastrias e empresas dos mais diversos segmentos confiam e fazem da <b >Lacres Bondi<\/b> mais que um l\u00edder, uma refer\u00eancia no setor.<\/p>\n<a  class=\"button color1\" href=\"#contatos\" target=\"_blank\" data-cp-link=\"1\" rel=\"noopener noreferrer\">CONTATE-NOS AGORA<\/a>\n\n<\/div>\n<\/div>\n<div  class=\"row\">\n<div  class=\"bottom-xs center-xs col-xs flexbox image-group-bottom-3-img\"><a  data-cp-link=\"1\" href=\"https:\/\/lacresbondi.com.br?page_id=473\" class=\"left-img-anchor\" target=\"_blank\" rel=\"noopener noreferrer\"><img  decoding=\"async\" class=\"left-img shadow-large-black\" data-size=\"500x300\" src=\"https:\/\/lacresbondi.com.br\/wp-content\/uploads\/2020\/10\/cropped-lacres-428.jpg\" alt=\"\" title=\"cropped-lacres-428.jpg\"><\/a> <a  data-cp-link=\"1\" href=\"https:\/\/lacresbondi.com.br?page_id=473\" class=\"center-img-anchor\" target=\"_blank\" rel=\"noopener noreferrer\"><img  decoding=\"async\" class=\"center-img shadow-large-black\" data-size=\"500x300\" src=\"https:\/\/lacresbondi.com.br\/wp-content\/uploads\/2020\/10\/cropped-0001059_fire-seal-one-use-equipment-seal.jpeg\" alt=\"\" title=\"cropped-0001059_fire-seal-one-use-equipment-seal.jpeg\"><\/a> <a  data-cp-link=\"1\" href=\"https:\/\/lacresbondi.com.br?page_id=473\" class=\"right-img-anchor\" target=\"_blank\" rel=\"noopener noreferrer\"><img  decoding=\"async\" class=\"right-img shadow-large-black\" data-size=\"500x300\" src=\"https:\/\/lacresbondi.com.br\/wp-content\/uploads\/2020\/10\/cropped-Yellow-Valve-Car-Seal.jpg\" alt=\"\" title=\"cropped-Yellow-Valve-Car-Seal.jpg\"><\/a><\/div>\n<\/div>\n<\/div>\n<\/div><div  id=\"overlappable-4\" style=\"background-color: #ffffff; background-image: none;\" data-label=\"Overlappable\" data-id=\"overlappable-4\" data-export-id=\"overlappable-4\" data-category=\"overlappable\" class=\"overlappable-4 content-section content-section-spacing\" data-overlap=\"true\">\n<div  class=\"gridContainer\">\n<div  data-type=\"row\" class=\"row spaced-cols text-center\">\n<div  class=\"col-xs-12 col-sm-4 col-padding\">\n\n<i  class=\"fa icon shadow-large-black aligncenter color1 fa-clone reverse round large\"> <\/i>\n<div  data-type=\"column\" class=\"\">\n<h5  class=\"\">QUALIDADE<\/h5>\n<p  class=\"\">Todos os nossos produtos passam por um processo de qualifica\u00e7\u00e3o para manter o nosso alto padr\u00e3o de produ\u00e7\u00e3o.<\/p>\n\n<\/div>\n<\/div>\n<div  class=\"col-xs-12 col-sm-4 col-padding\">\n\n<i  class=\"fa icon fa-cogs large shadow-large-black round aligncenter reverse color1\"> <\/i>\n<div  data-type=\"column\" class=\"\">\n<h5  class=\"\">GARANTIA<\/h5>\n<p  class=\"\">Trabalhamos somente com materiais de primeira linha e produzimos com mat\u00e9ria prima virgem.&nbsp;<\/p>\n\n<\/div>\n<\/div>\n<div  class=\"col-xs-12 col-sm-4 col-padding\">\n\n<i  class=\"fa icon shadow-large-black aligncenter color1 fa-birthday-cake reverse round large\"> <\/i>\n<div  data-type=\"column\" class=\"\">\n<h5  class=\"\">EXPERI\u00caNCIA<\/h5>\n<p  class=\"\">H\u00e1 mais de<b > 20 anos<\/b> fornecendo os melhores produtos para empresas dos mais diversos seguimentos.<\/p>\n\n<\/div>\n<\/div>\n<\/div>\n<\/div>\n<\/div><div  id=\"cta-1\" data-label=\"Cta\" data-id=\"cta-blue-section\" data-export-id=\"cta-blue-section\" data-category=\"cta\" class=\"cta-blue-section content-section content-section-spacing-medium bg-color1 white-text\">\n<div  class=\"gridContainer\">\n<div  class=\"row middle-xs\">\n<div  class=\"col-sm-8 space-bottom-xs\" data-type=\"column\">\n<h2  class=\"\">Quer saber mais?&nbsp;<\/h2>\n<\/div>\n<div  class=\"col-sm-4 end-sm\" data-type=\"column\"><a  class=\"button color2\" href=\"https:\/\/wa.me\/5521988252776\" target=\"_blank\" data-cp-link=\"1\" rel=\"noopener noreferrer\"> CONTATE-NOS <\/a><\/div>\n<\/div>\n<\/div>\n<\/div><div  data-label=\"Produtos\" data-id=\"portfolio--1\" data-export-id=\"portfolio-5\" data-category=\"portfolio\" class=\"portfolio-5 content-section content-section-spacing\" id=\"produtos\" style=\"background-color: rgb(245, 250, 253);\"><div  class=\"gridContainer\"> <div  class=\"row text-center\"><div  class=\"section-title-col\" data-type=\"column\"> <h2  class=\"\">Nossos Produtos<\/h2> <p  class=\"lead\">Abra\u00e7adeiras, lacres met\u00e1licos e pl\u00e1sticos, adesivos.<\/p><\/div> <\/div> <div  class=\"row space-bottom spaced-cols\" data-type=\"row\"> <div  class=\"col-xs-12 col-sm-4 text-center\"> <div  class=\"card no-padding bordered\"> <div  data-hover-fx=\"portfolio-6\" class=\"contentswap-effect\"> <div  class=\"initial-image\"> <img  decoding=\"async\" data-size=\"500x333\" src=\"https:\/\/lacresbondi.com.br\/wp-content\/uploads\/2020\/10\/cropped-ILQ-16.png\"><\/div> <div  class=\"overlay bg-color6\"><\/div> <div  class=\"swap-inner col-xs-12\"> <div  class=\"row full-height-row middle-xs middle-sm\"> <div  class=\"col-xs-12 text-center content-holder\"> <a  class=\"button small color2\" href=\"https:\/\/lacresbondi.com.br?page_id=518\" target=\"_blank\" data-cp-link=\"1\" rel=\"noopener noreferrer\">ILQ 16 <\/a><\/div> <\/div><\/div> <\/div> <div  class=\"col-xs-12\"> <div  class=\"space-bottom space-top\" data-type=\"column\"> <h5  class=\"\">ILQ<\/h5> <p  class=\"small italic\"><span  style=\"font-style: normal;\">Aplica\u00e7\u00f5es: malotes, correspond\u00eancias, caminh\u00f5es, etc.<br >Comprimento: 16 e 23 cm.<br >Cores: diversas<\/span><\/p><\/div> <\/div><\/div> <\/div> <div  class=\"col-xs-12 col-sm-4 text-center\"> <div  class=\"card no-padding bordered\"> <div  data-hover-fx=\"portfolio-6\" class=\"contentswap-effect\"> <div  class=\"initial-image\"> <img  decoding=\"async\" data-size=\"500x333\" src=\"http:\/\/lacresbondi.com.br\/wp-content\/uploads\/2020\/11\/cropped-REFERENCIA-ILDF-23-AO-30-CM-e1605820385659-1.png\"><\/div> <div  class=\"overlay bg-color6\"><\/div> <div  class=\"swap-inner col-xs-12\"> <div  class=\"row full-height-row middle-xs middle-sm\"> <div  class=\"col-xs-12 text-center content-holder\"> <a  class=\"button small color2\" href=\"https:\/\/lacresbondi.com.br?page_id=518\" target=\"_blank\" data-cp-link=\"1\" rel=\"noopener noreferrer\">Fita Arqueada<\/a><\/div> <\/div><\/div> <\/div> <div  class=\"col-xs-12\"> <div  class=\"space-bottom space-top\" data-type=\"column\"> <h5  class=\"\">ILDF<\/h5> <p  class=\"small italic\"><span  style=\"font-style: normal;\">Aplica\u00e7\u00f5es:  Malotes, correspond\u00eancias, caminh\u00f5es, etc.<br >Comprimento: 23 \u2013 30 cm.<br >Cores: diversas<\/span><\/p><\/div> <\/div><\/div> <\/div> <div  class=\"col-xs-12 col-sm-4 text-center\"> <div  class=\"card no-padding bordered\"> <div  data-hover-fx=\"portfolio-6\" class=\"contentswap-effect\"> <div  class=\"initial-image\"> <img  decoding=\"async\" data-size=\"500x333\" src=\"http:\/\/lacresbondi.com.br\/wp-content\/uploads\/2020\/12\/cropped-abracadeira-1.jpg\"><\/div> <div  class=\"overlay bg-color6\"><\/div> <div  class=\"swap-inner col-xs-12\"> <div  class=\"row full-height-row middle-xs middle-sm\"> <div  class=\"col-xs-12 text-center content-holder\"> <a  class=\"button small color2\" href=\"https:\/\/lacresbondi.com.br?page_id=518\" target=\"_blank\" data-cp-link=\"1\" rel=\"noopener noreferrer\">Abra\u00e7adeiras<\/a><\/div> <\/div><\/div> <\/div> <div  class=\"col-xs-12\"> <div  class=\"space-bottom space-top\" data-type=\"column\"> <h5  class=\"\">ABRA\u00c7ADEIRAS<\/h5> <p  class=\"small italic\">Aplica\u00e7\u00f5es: Malotes, correspond\u00eancias, caminh\u00f5es, etc.<br >Comprimento: 23 \u2013 30 cm.<br >Cores: diversas<\/p><\/div> <\/div><\/div> <\/div><\/div> <div  class=\"row\"><div  data-type=\"column\" class=\"col-xs-12 text-center\"> <\/div> <\/div><\/div> <\/div><div  id=\"contatos\" data-label=\"Contatos\" data-id=\"contact-1\" data-export-id=\"contact-1\" data-category=\"contact\" class=\"contact-1 content-section content-section-spacing white-text\" data-parallax-depth=\"20\" style=\"background-image: url(&quot;http:\/\/lacresbondi.com.br\/wp-content\/uploads\/2020\/10\/86cf7674-6129-4cca-9410-4f93a220ae65.jpg&quot;); background-size: cover; background-position: center top;\">\n<div  class=\"gridContainer\">\n<div  class=\"row text-center\">\n<div  class=\"section-title-col\" data-type=\"column\">\n<h2  class=\"\">Visite-nos<\/h2>\n\n\n<\/div>\n<\/div>\n<div  class=\"row text-center\">\n<div  class=\"col-xs-12 col-sm-8 col-sm-offset-2 contact-form-wrapper inline-info\">\n<div  class=\"card large-padding\">\n<div  class=\"\" data-content-shortcode=\"mesmerize_contact_form shortcode=&quot;&amp;amp;lt;iframe src=&amp;amp;quot;https:\/\/www.google.com\/maps\/embed?pb=!1m14!1m8!1m3!1d14715.133567790408!2d-43.369370561438!3d-22.773418517753004!3m2!1i1024!2i768!4f13.1!3m3!1m2!1s0x0%3A0xa3572f030a8ae0bd!2sLacres%20Bondi!5e0!3m2!1spt-BR!2sbr!4v1603272736183!5m2!1spt-BR!2sbr&amp;amp;quot; width=&amp;amp;quot;800&amp;amp;quot; height=&amp;amp;quot;400&amp;amp;quot; frameborder=&amp;amp;quot;0&amp;amp;quot; style=&amp;amp;quot;border:0;&amp;amp;quot; allowfullscreen=&amp;amp;quot;&amp;amp;quot; aria-hidden=&amp;amp;quot;false&amp;amp;quot; tabindex=&amp;amp;quot;0&amp;amp;quot;&amp;amp;gt;&amp;amp;lt;\/iframe&amp;amp;gt;&quot;\" data-editable=\"true\">[<iframe loading=\"lazy\" src=\"https:\/\/www.google.com\/maps\/embed?pb=!1m14!1m8!1m3!1d14715.133567790408!2d-43.369370561438!3d-22.773418517753004!3m2!1i1024!2i768!4f13.1!3m3!1m2!1s0x0%3A0xa3572f030a8ae0bd!2sLacres%20Bondi!5e0!3m2!1spt-BR!2sbr!4v1603272736183!5m2!1spt-BR!2sbr\" width=\"800\" height=\"400\" frameborder=\"0\" style=\"border:0;\" allowfullscreen=\"\" aria-hidden=\"false\" tabindex=\"0\"><\/iframe>]<\/div>\n<\/div>\n<\/div>\n<\/div>\n<\/div>\n<\/div>","protected":false},"excerpt":{"rendered":"<p>SOBRE N\u00d3S Lacres pl\u00e1sticos e met\u00e1licos&nbsp;com ilimitadas possibilidades&nbsp;e costumiza\u00e7\u00f5es variadas O seu neg\u00f3cio merece a experi\u00eancia de mais de 20 anos no mercado. Ind\u00fastrias e empresas dos mais diversos segmentos confiam e fazem da Lacres Bondi mais que um l\u00edder, uma refer\u00eancia no setor. CONTATE-NOS AGORA QUALIDADE Todos os nossos produtos passam por um processo&hellip; <br \/> <a class=\"read-more\" href=\"https:\/\/lacresbondi.com.br\/\">Leia mais<\/a><\/p>\n","protected":false},"author":1,"featured_media":0,"parent":0,"menu_order":0,"comment_status":"closed","ping_status":"closed","template":"page-templates\/homepage.php","meta":{"footnotes":""},"class_list":["post-65","page","type-page","status-publish","hentry"],"_links":{"self":[{"href":"https:\/\/lacresbondi.com.br\/index.php?rest_route=\/wp\/v2\/pages\/65","targetHints":{"allow":["GET"]}}],"collection":[{"href":"https:\/\/lacresbondi.com.br\/index.php?rest_route=\/wp\/v2\/pages"}],"about":[{"href":"https:\/\/lacresbondi.com.br\/index.php?rest_route=\/wp\/v2\/types\/page"}],"author":[{"embeddable":true,"href":"https:\/\/lacresbondi.com.br\/index.php?rest_route=\/wp\/v2\/users\/1"}],"replies":[{"embeddable":true,"href":"https:\/\/lacresbondi.com.br\/index.php?rest_route=%2Fwp%2Fv2%2Fcomments&post=65"}],"version-history":[{"count":34,"href":"https:\/\/lacresbondi.com.br\/index.php?rest_route=\/wp\/v2\/pages\/65\/revisions"}],"predecessor-version":[{"id":645,"href":"https:\/\/lacresbondi.com.br\/index.php?rest_route=\/wp\/v2\/pages\/65\/revisions\/645"}],"wp:attachment":[{"href":"https:\/\/lacresbondi.com.br\/index.php?rest_route=%2Fwp%2Fv2%2Fmedia&parent=65"}],"curies":[{"name":"wp","href":"https:\/\/api.w.org\/{rel}","templated":true}]}}